{"id":1504,"date":"2023-09-25T13:43:41","date_gmt":"2023-09-25T16:43:41","guid":{"rendered":"https:\/\/isdanza-cha.infd.edu.ar\/sitio\/?page_id=1504"},"modified":"2023-09-25T13:43:43","modified_gmt":"2023-09-25T16:43:43","slug":"revista-pluriverso-meccyt","status":"publish","type":"page","link":"https:\/\/isdanza-cha.infd.edu.ar\/sitio\/revista-pluriverso-meccyt\/","title":{"rendered":"REVISTA PLURIVERSO &#8211; MECCyT"},"content":{"rendered":"\n<p><strong>REVISTA PLURIVERSO &#8211; Ministerio de Educaci\u00f3n, Ciencia y Tecnolog\u00eda de la Provincia de Chaco<\/strong><\/p>\n\n\n\n<p>Revista Pluriverso, es una publicaci\u00f3n destinada a docentes  en actividad, a quienes se est\u00e1n formando para ser docentes y a todas aquellas personas interesadas en las tem\u00e1ticas educativas contempor\u00e1neas.<\/p>\n\n\n<div class=\"wp-block-image\">\n<figure class=\"aligncenter size-large is-resized\"><img decoding=\"async\" loading=\"lazy\" src=\"https:\/\/isdanza-cha.infd.edu.ar\/sitio\/wp-content\/uploads\/2022\/05\/revista-1.jpg\" alt=\"\" class=\"wp-image-1340\" width=\"205\" height=\"233\"\/><\/figure><\/div>\n\n\n<p>Pluriverso se desarrolla en torno a ejes tales como: <\/p>\n\n\n\n<p> Problem\u00e1ticas y temas vigentes en el sistema educativo provincial<\/p>\n\n\n\n<p>Efem\u00e9rides desde una perspectiva de revisi\u00f3n hist\u00f3rica<\/p>\n\n\n\n<p>Construcci\u00f3n de pol\u00edticas educativas p\u00fablicas, desaf\u00edos y potencialidades<\/p>\n\n\n\n<p>Producci\u00f3n del saber en territorio provincial: ciencia-investigaci\u00f3n e investigaci\u00f3n educativa. <\/p>\n\n\n\n<p>La revista est\u00e1 alojada en la plataforma educativa \u00b4ELE\u00b4, en el sitio Investigaci\u00f3n Educativa (<a rel=\"noreferrer noopener\" href=\"https:\/\/ele.chaco.gob.ar\/course\/view.php?id=17910\" target=\"_blank\">https:\/\/ele.chaco.gob.ar\/course\/view.php?id=17910<\/a>), y se publicar\u00e1 bimestralmente. Los art\u00edculos poseen im\u00e1genes e ilustraciones de autores y artistas regionales.<\/p>\n\n\n\n<ul>\n<li><a href=\"https:\/\/ele.chaco.gob.ar\/mod\/resource\/view.php?id=106886\">A\u00f1o 2020 &#8211; Ed. 1 &#8211; N\u00b0 1Archivo<\/a><\/li>\n\n\n\n<li><a href=\"https:\/\/ele.chaco.gob.ar\/mod\/resource\/view.php?id=107828\">A\u00f1o 2021 &#8211; Ed. 1 &#8211; N\u00b0 2Archivo<\/a><\/li>\n\n\n\n<li><a href=\"https:\/\/ele.chaco.gob.ar\/mod\/resource\/view.php?id=126010\">A\u00f1o 2021 &#8211; Ed. 1 &#8211; N\u00b0 3Archivo<\/a><\/li>\n\n\n\n<li><a href=\"https:\/\/ele.chaco.gob.ar\/mod\/resource\/view.php?id=189584\">A\u00f1o 2021 &#8211; Ed. 1 &#8211; N\u00b0 4Archivo<\/a><\/li>\n\n\n\n<li><a href=\"https:\/\/ele.chaco.gob.ar\/mod\/resource\/view.php?id=219904\">A\u00f1o 2021 &#8211; Ed. 1 &#8211; N\u00b0 5Archivo<\/a><\/li>\n\n\n\n<li><a href=\"https:\/\/ele.chaco.gob.ar\/mod\/resource\/view.php?id=244406\">A\u00f1o 2021 &#8211; Ed. 1 &#8211; N\u00b0 6Archivo<\/a><\/li>\n\n\n\n<li><a href=\"https:\/\/ele.chaco.gob.ar\/mod\/resource\/view.php?id=249911\">A\u00f1o 2021 &#8211; Ed. 1 &#8211; N\u00b0 7Archivo<\/a><\/li>\n\n\n\n<li><a href=\"https:\/\/ele.chaco.gob.ar\/mod\/resource\/view.php?id=250459\">A\u00f1o 2022 &#8211; Ed. 1 &#8211; N\u00b0 8Archivo<\/a><\/li>\n\n\n\n<li><a href=\"https:\/\/ele.chaco.gob.ar\/mod\/resource\/view.php?id=256334\">A\u00f1o 2022 &#8211; Ed. 1 &#8211; N\u00b0 <\/a>9 Relato del proceso de formaci\u00f3n en investigaci\u00f3n educativa art\u00edstica.Instituto de Educaci\u00f3n Superior ISPEA Danza y Teatro \u201cMar\u00eda Ang\u00e9lica Pellegrini\u201d<\/li>\n<\/ul>\n\n\n\n<hr class=\"wp-block-separator has-css-opacity\"\/>\n\n\n\n<figure class=\"wp-block-image is-resized\"><img decoding=\"async\" loading=\"lazy\" src=\"https:\/\/ele.chaco.gob.ar\/pluginfile.php\/424316\/course\/section\/115479\/convocatoria-01%20%282%29.jpg\" alt=\"\" width=\"571\" height=\"571\"\/><\/figure>\n\n\n\n<ul>\n<li><a href=\"https:\/\/ele.chaco.gob.ar\/mod\/resource\/view.php?id=249984\">Normas de publicaci\u00f3nArchivo<\/a><\/li>\n\n\n\n<li><a href=\"https:\/\/ele.chaco.gob.ar\/mod\/resource\/view.php?id=254990\">CARTA DE AUTOR\u00cdA Y CESI\u00d3N DE DERECHOSArchivo<\/a><\/li>\n\n\n\n<li><a href=\"https:\/\/ele.chaco.gob.ar\/mod\/resource\/view.php?id=249986\">Convocatoria 2022Archivo<\/a><\/li>\n\n\n\n<li><a href=\"https:\/\/ele.chaco.gob.ar\/mod\/assign\/view.php?id=249987\">Presentaci\u00f3n de escritos<\/a><\/li>\n<\/ul>\n","protected":false},"excerpt":{"rendered":"<p>REVISTA PLURIVERSO &#8211; Ministerio de Educaci\u00f3n, Ciencia y Tecnolog\u00eda de la Provincia de Chaco Revista Pluriverso, es una publicaci\u00f3n destinada a docentes en actividad, a quienes se est\u00e1n formando para ser docentes y a todas aquellas personas interesadas en las tem\u00e1ticas educativas contempor\u00e1neas. Pluriverso se desarrolla en torno a ejes tales como: Problem\u00e1ticas y temas &#8230; <a title=\"REVISTA PLURIVERSO &#8211; MECCyT\" class=\"read-more\" href=\"https:\/\/isdanza-cha.infd.edu.ar\/sitio\/revista-pluriverso-meccyt\/\" aria-label=\"More on REVISTA PLURIVERSO &#8211; MECCyT\">[+]<\/a><\/p>\n","protected":false},"author":136,"featured_media":0,"parent":0,"menu_order":0,"comment_status":"closed","ping_status":"closed","template":"","meta":[],"acf":[],"_links":{"self":[{"href":"https:\/\/isdanza-cha.infd.edu.ar\/sitio\/wp-json\/wp\/v2\/pages\/1504"}],"collection":[{"href":"https:\/\/isdanza-cha.infd.edu.ar\/sitio\/wp-json\/wp\/v2\/pages"}],"about":[{"href":"https:\/\/isdanza-cha.infd.edu.ar\/sitio\/wp-json\/wp\/v2\/types\/page"}],"author":[{"embeddable":true,"href":"https:\/\/isdanza-cha.infd.edu.ar\/sitio\/wp-json\/wp\/v2\/users\/136"}],"replies":[{"embeddable":true,"href":"https:\/\/isdanza-cha.infd.edu.ar\/sitio\/wp-json\/wp\/v2\/comments?post=1504"}],"version-history":[{"count":1,"href":"https:\/\/isdanza-cha.infd.edu.ar\/sitio\/wp-json\/wp\/v2\/pages\/1504\/revisions"}],"predecessor-version":[{"id":1507,"href":"https:\/\/isdanza-cha.infd.edu.ar\/sitio\/wp-json\/wp\/v2\/pages\/1504\/revisions\/1507"}],"wp:attachment":[{"href":"https:\/\/isdanza-cha.infd.edu.ar\/sitio\/wp-json\/wp\/v2\/media?parent=1504"}],"curies":[{"name":"wp","href":"https:\/\/api.w.org\/{rel}","templated":true}]}}