{"id":1089,"date":"2020-05-02T12:20:34","date_gmt":"2020-05-02T15:20:34","guid":{"rendered":"https:\/\/isdanza-cha.infd.edu.ar\/sitio\/?page_id=1089"},"modified":"2022-03-28T11:33:27","modified_gmt":"2022-03-28T14:33:27","slug":"nivel-medio-talleres","status":"publish","type":"page","link":"https:\/\/isdanza-cha.infd.edu.ar\/sitio\/nivel-medio-talleres\/","title":{"rendered":"NIVEL MEDIO &#8211; TALLERES"},"content":{"rendered":"<p><img decoding=\"async\" loading=\"lazy\" class=\" wp-image-1094 aligncenter\" src=\"https:\/\/isdanza-cha.infd.edu.ar\/sitio\/wp-content\/uploads\/2020\/05\/descarga-2.jpg\" alt=\"\" width=\"340\" height=\"188\" \/><\/p>\n<h2 style=\"text-align: center;\"><span style=\"color: #0000ff;\">INSCRIPCI\u00d3N\u00a0<\/span><\/h2>\n<p>Si haces clic en el siguiente link , podr\u00e1s ver:<a href=\"https:\/\/isdanza-cha.infd.edu.ar\/sitio\/wp-content\/uploads\/2021\/03\/PLAN-DE-ESTUDIO-DE-BAILARIN-INTERPRETE-EN-DZA-CLASICA-Y-CONTEMPORANEA.doc\">PLAN DE ESTUDIO DE BAILARIN INTERPRETE EN DZA CLASICA Y CONTEMPORANEA<\/a><\/p>\n<p>Se informa en sede del Instituto,<strong> Av Castelli 62 de Resistencia Chaco<\/strong>, comenzar\u00e1 las inscripciones de<\/p>\n<p><span style=\"color: #0000ff;\"><strong><u>Nivel de Contacto <\/u><\/strong><\/span><\/p>\n<p><strong>( talleres de 5 \u2013 6 \u2013 7- 8 a\u00f1os) 5 a\u00f1os cumplidos al 30 de junio 2022<\/strong><\/p>\n<p><strong>(taller de 5 a\u00f1os) 6 a\u00f1os cumplidos al 30 de junio 2022<\/strong><\/p>\n<p><strong>(taller de 6 a\u00f1os) 7 a\u00f1os cumplidos al 30 de junio 2022<\/strong><\/p>\n<p><strong> (taller de 7 a\u00f1os) 8 a\u00f1os cumplidos al 30 de junio 2022 (taller de 8 a\u00f1os)\u00a0\u00a0<\/strong><\/p>\n<p>*Deber\u00e1n bajar\u00a0 \u2192<a href=\"https:\/\/isdanza-cha.infd.edu.ar\/sitio\/wp-content\/uploads\/2021\/03\/FICHA-DE-INSCRIPCION-TALLERES-5-6-7-8-A\u00d1OS-A\u00d1O-2021.doc\">FICHA DE INSCRIPCION TALLERES 5 6 7 8 A\u00d1OS &#8211; A\u00d1O 2022<\/a><\/p>\n<p>*Completarlo e imprimirlo y acercarse una vez tenga toda la documentaci\u00f3n a la Instituci\u00f3n de 16:30hs a 19hs, respetando las medidas de bioseguridad:<\/p>\n<p>.-barbijo y distanciamiento.<\/p>\n<p>.-(Traer una lapicera azul o negra.)<\/p>\n<hr \/>\n<p><span style=\"color: #0000ff;\"><strong><u>Nivel B\u00e1sico<\/u><\/strong><\/span> <strong>1\u00b0 a\u00f1o (a partir de los 9 a\u00f1os) al 9\u00b0 Nivel B\u00e1sico.<\/strong><\/p>\n<p>*Deber\u00e1n bajar\u00a0 \u2192<a href=\"https:\/\/isdanza-cha.infd.edu.ar\/sitio\/wp-content\/uploads\/2021\/03\/FICHA-DE-INSCRIPCION-NIVEL-B\u00c1SICO-A\u00d1O-2021.doc\">FICHA DE INSCRIPCION NIVEL B\u00c1SICO &#8211; A\u00d1O 2022<\/a><\/p>\n<p>*Completarlo e imprimirlo y acercarse una vez tenga toda la documentaci\u00f3n a la Instituci\u00f3n de 16:30hs a 19hs, respetando las medidas de bioseguridad:<\/p>\n<p>.-barbijo y distanciamiento.<\/p>\n<p>.-(Traer una lapicera azul o negra.)<\/p>\n<p><strong><u>ES IMPORTANTE<\/u><\/strong> que los alumnos que se inscriban tengan un correo electr\u00f3nico en gmail, creado, donde debe figurar el Apellido y Nombre del mismo por ej.: <a href=\"mailto:benitezmaira@gmail.com\">benitezmaira@gmail.com<\/a>, para una mejor identificaci\u00f3n y organizaci\u00f3n de las aulas virtuales)<\/p>\n<hr \/>\n<p><strong><u>Documentaci\u00f3n para los estudiantes que ingresar\u00e1n por 1ra vez:<\/u><\/strong><\/p>\n<p>1 &#8211; Carpeta colgante con nepaco \u2013<\/p>\n<p>2 &#8211; Ficha Individual de inscripci\u00f3n \u2013<\/p>\n<p>3 Ficha de Aptitud F\u00edsica \u2013Deber\u00e1n bajar\u00a0 \u2192<a href=\"https:\/\/isdanza-cha.infd.edu.ar\/sitio\/wp-content\/uploads\/2021\/03\/FICHA-DE-APTITUD-FISICA-A\u00d1O-2021.doc\">FICHA DE APTITUD FISICA- A\u00d1O 2022<\/a><\/p>\n<p>4 &#8211; Certificado de escolaridad (se podr\u00e1 entregar a fines de abril)- \u00a06- Fotocopia de D.N.I. del alumno &#8211;\u00a0 8 &#8211; Fotocopia de Partida de Nacimiento<\/p>\n<p><strong><u>Documentaci\u00f3n para los que ya son alumnos de la Instituci\u00f3n:<\/u><\/strong><\/p>\n<p>1 &#8211; Ficha Individual de inscripci\u00f3n<\/p>\n<p>\u2013 2 Ficha de Aptitud\u00a0 F\u00edsica\u00a0Deber\u00e1n bajar\u00a0 \u2192<a href=\"https:\/\/isdanza-cha.infd.edu.ar\/sitio\/wp-content\/uploads\/2021\/03\/FICHA-DE-APTITUD-FISICA-A\u00d1O-2021.doc\">FICHA DE APTITUD FISICA- A\u00d1O 2022<\/a><\/p>\n<p>\u2013 3 Certificado de escolaridad (se podr\u00e1 entregar fines de abril)-<\/p>\n<p><strong><u>HORARIOS DE NIVEL DE CONTACTO <\/u><\/strong><\/p>\n<p>TALLER DE 5 \u2013 6 \u2013 7- 8 A\u00d1OS DE 14:30HS a 17:55HS<\/p>\n<p><strong><u>HORARIOS DE NIVEL BASICO <\/u><\/strong><\/p>\n<p>1\u00b0 y 2\u00b0 a\u00f1o de 14:30 a 17:55 hs.<\/p>\n<p>1\u00b0 a\u00a0 9\u00b0 NIVEL B\u00c1SICO DE 18 a 22 hs.<\/p>\n","protected":false},"excerpt":{"rendered":"<p>INSCRIPCI\u00d3N\u00a0 Si haces clic en el siguiente link , podr\u00e1s ver:PLAN DE ESTUDIO DE BAILARIN INTERPRETE EN DZA CLASICA Y CONTEMPORANEA Se informa en sede del Instituto, Av Castelli 62 de Resistencia Chaco, comenzar\u00e1 las inscripciones de Nivel de Contacto ( talleres de 5 \u2013 6 \u2013 7- 8 a\u00f1os) 5 a\u00f1os cumplidos al 30 &#8230; <a title=\"NIVEL MEDIO &#8211; TALLERES\" class=\"read-more\" href=\"https:\/\/isdanza-cha.infd.edu.ar\/sitio\/nivel-medio-talleres\/\" aria-label=\"More on NIVEL MEDIO &#8211; TALLERES\">[+]<\/a><\/p>\n","protected":false},"author":133,"featured_media":0,"parent":0,"menu_order":0,"comment_status":"closed","ping_status":"closed","template":"","meta":[],"acf":[],"_links":{"self":[{"href":"https:\/\/isdanza-cha.infd.edu.ar\/sitio\/wp-json\/wp\/v2\/pages\/1089"}],"collection":[{"href":"https:\/\/isdanza-cha.infd.edu.ar\/sitio\/wp-json\/wp\/v2\/pages"}],"about":[{"href":"https:\/\/isdanza-cha.infd.edu.ar\/sitio\/wp-json\/wp\/v2\/types\/page"}],"author":[{"embeddable":true,"href":"https:\/\/isdanza-cha.infd.edu.ar\/sitio\/wp-json\/wp\/v2\/users\/133"}],"replies":[{"embeddable":true,"href":"https:\/\/isdanza-cha.infd.edu.ar\/sitio\/wp-json\/wp\/v2\/comments?post=1089"}],"version-history":[{"count":14,"href":"https:\/\/isdanza-cha.infd.edu.ar\/sitio\/wp-json\/wp\/v2\/pages\/1089\/revisions"}],"predecessor-version":[{"id":1281,"href":"https:\/\/isdanza-cha.infd.edu.ar\/sitio\/wp-json\/wp\/v2\/pages\/1089\/revisions\/1281"}],"wp:attachment":[{"href":"https:\/\/isdanza-cha.infd.edu.ar\/sitio\/wp-json\/wp\/v2\/media?parent=1089"}],"curies":[{"name":"wp","href":"https:\/\/api.w.org\/{rel}","templated":true}]}}